{"id":3358,"date":"2025-12-16T14:53:03","date_gmt":"2025-12-16T13:53:03","guid":{"rendered":"https:\/\/www.3d-rendering24.de\/?page_id=3358"},"modified":"2025-12-16T14:55:10","modified_gmt":"2025-12-16T13:55:10","slug":"datenschutz","status":"publish","type":"page","link":"https:\/\/www.3d-rendering24.de\/index.php\/datenschutz\/","title":{"rendered":"Datenschutz"},"content":{"rendered":"\n<style type=\"text\/css\" data-created_by=\"avia_inline_auto\" id=\"style-css-av-78ngf6-990305712cd588348808748650ef3fb2\">\n.avia-section.av-78ngf6-990305712cd588348808748650ef3fb2 .av-section-color-overlay{\nopacity:0.7;\nbackground-image:url(https:\/\/www.3d-rendering24.de\/wp-content\/themes\/enfold\/images\/background-images\/diagonal-thin-dark.png);\nbackground-repeat:repeat;\n}\n<\/style>\n<div id='av_section_1'  class='avia-section av-78ngf6-990305712cd588348808748650ef3fb2 main_color avia-section-large avia-no-border-styling  avia-builder-el-0  avia-builder-el-no-sibling  avia-bg-style-scroll av-section-color-overlay-active container_wrap sidebar_right'  ><div class=\"av-section-color-overlay-wrap\"><div class=\"av-section-color-overlay\"><\/div><div class='container av-section-cont-open' ><main  role=\"main\" itemprop=\"mainContentOfPage\"  class='template-page content  av-content-small alpha units'><div class='post-entry post-entry-type-page post-entry-3358'><div class='entry-content-wrapper clearfix'>\n\n<style type=\"text\/css\" data-created_by=\"avia_inline_auto\" id=\"style-css-av-p39du-ba4c56dbd6bf9e843c4454eecae8adfc\">\n#top .av-special-heading.av-p39du-ba4c56dbd6bf9e843c4454eecae8adfc{\npadding-bottom:30px;\nfont-size:70px;\n}\nbody .av-special-heading.av-p39du-ba4c56dbd6bf9e843c4454eecae8adfc .av-special-heading-tag .heading-char{\nfont-size:25px;\n}\n#top #wrap_all .av-special-heading.av-p39du-ba4c56dbd6bf9e843c4454eecae8adfc .av-special-heading-tag{\nfont-size:70px;\n}\n.av-special-heading.av-p39du-ba4c56dbd6bf9e843c4454eecae8adfc .av-subheading{\nfont-size:15px;\n}\n\n@media only screen and (min-width: 480px) and (max-width: 767px){ \n#top #wrap_all .av-special-heading.av-p39du-ba4c56dbd6bf9e843c4454eecae8adfc .av-special-heading-tag{\nfont-size:0.8em;\n}\n}\n\n@media only screen and (max-width: 479px){ \n#top #wrap_all .av-special-heading.av-p39du-ba4c56dbd6bf9e843c4454eecae8adfc .av-special-heading-tag{\nfont-size:0.8em;\n}\n}\n<\/style>\n<div  class='av-special-heading av-p39du-ba4c56dbd6bf9e843c4454eecae8adfc av-special-heading-h1 blockquote modern-quote  avia-builder-el-1  el_before_av_one_full  avia-builder-el-first  av-thin-font av-inherit-size'><h1 class='av-special-heading-tag '  itemprop=\"headline\"  >Datenschutz<strong>.<\/strong><\/h1><div class=\"special-heading-border\"><div class=\"special-heading-inner-border\"><\/div><\/div><\/div>\n<div  class='flex_column av-36p0e7-75c6b9389cde4adac0ceecaba4edbc51 av_one_full  avia-builder-el-2  el_after_av_heading  avia-builder-el-last  first flex_column_div  '     ><section  class='av_textblock_section av-6nvihu-93e55e19eee0818bf105b1736ea29b0b '   itemscope=\"itemscope\" itemtype=\"https:\/\/schema.org\/CreativeWork\" ><div class='avia_textblock'  itemprop=\"text\" ><div class=\"flex_column av-12wm5v-89660f17bbe0279bacbff98843285d2a av_one_full  avia-builder-el-1  el_after_av_section  el_before_av_hr  avia-builder-el-first  first flex_column_div av-zero-column-padding \">\n<section class=\"av_textblock_section av-jh99cbmb-25cda4605fb315c3fac384e2edaefc12\">\n<div class=\"avia_textblock\">\n<p><strong><big>Datenschutzerkl\u00e4rung<\/big><\/strong><\/p>\n<p><strong>Allgemeiner Hinweis und Pflichtinformationen<\/strong><\/p>\n<p><strong>Benennung der verantwortlichen Stelle<\/strong><\/p>\n<p>Die verantwortliche Stelle f\u00fcr die Datenverarbeitung auf dieser Website ist:<\/p>\n<p><span id=\"s3-t-firma\">www.3d-rendering24.de<\/span><br \/>\n<span id=\"s3-t-ansprechpartner\">Dipl. ing. (FH) Michael Bialek<\/span><br \/>\n<span id=\"s3-t-strasse\">Bayerwaldstra\u00dfe 41<\/span><br \/>\n<b>94169 Thurmansbang<\/p>\n<p><\/b><\/p>\n<p>Die verantwortliche Stelle entscheidet allein oder gemeinsam mit anderen \u00fcber die Zwecke und Mittel der Verarbeitung von personenbezogenen Daten (z.B. Namen, Kontaktdaten o. \u00c4.).<\/p>\n<p><strong>Widerruf Ihrer Einwilligung zur Datenverarbeitung<\/strong><\/p>\n<p>Nur mit Ihrer ausdr\u00fccklichen Einwilligung sind einige Vorg\u00e4nge der Datenverarbeitung m\u00f6glich. Ein Widerruf Ihrer bereits erteilten Einwilligung ist jederzeit m\u00f6glich. F\u00fcr den Widerruf gen\u00fcgt eine formlose Mitteilung per E-Mail. Die Rechtm\u00e4\u00dfigkeit der bis zum Widerruf erfolgten Datenverarbeitung bleibt vom Widerruf unber\u00fchrt.<\/p>\n<p><strong>Recht auf Beschwerde bei der zust\u00e4ndigen Aufsichtsbeh\u00f6rde<\/strong><\/p>\n<p>Als Betroffener steht Ihnen im Falle eines datenschutzrechtlichen Versto\u00dfes ein Beschwerderecht bei der zust\u00e4ndigen Aufsichtsbeh\u00f6rde zu. Zust\u00e4ndige Aufsichtsbeh\u00f6rde bez\u00fcglich datenschutzrechtlicher Fragen ist der Landesdatenschutzbeauftragte des Bundeslandes, in dem sich der Sitz unseres Unternehmens befindet. Der folgende Link stellt eine Liste der Datenschutzbeauftragten sowie deren Kontaktdaten bereit:\u00a0<a href=\"https:\/\/www.bfdi.bund.de\/DE\/Infothek\/Anschriften_Links\/anschriften_links-node.html\" target=\"_blank\" rel=\"noopener\">https:\/\/www.bfdi.bund.de\/DE\/Infothek\/Anschriften_Links\/anschriften_links-node.html<\/a>.<\/p>\n<p><strong>Recht auf Daten\u00fcbertragbarkeit<\/strong><\/p>\n<p>Ihnen steht das Recht zu, Daten, die wir auf Grundlage Ihrer Einwilligung oder in Erf\u00fcllung eines Vertrags automatisiert verarbeiten, an sich oder an Dritte aush\u00e4ndigen zu lassen. Die Bereitstellung erfolgt in einem maschinenlesbaren Format. Sofern Sie die direkte \u00dcbertragung der Daten an einen anderen Verantwortlichen verlangen, erfolgt dies nur, soweit es technisch machbar ist.<\/p>\n<p><strong>Recht auf Auskunft, Berichtigung, Sperrung, L\u00f6schung<\/strong><\/p>\n<p>Sie haben jederzeit im Rahmen der geltenden gesetzlichen Bestimmungen das Recht auf unentgeltliche Auskunft \u00fcber Ihre gespeicherten personenbezogenen Daten, Herkunft der Daten, deren Empf\u00e4nger und den Zweck der Datenverarbeitung und ggf. ein Recht auf Berichtigung, Sperrung oder L\u00f6schung dieser Daten. Diesbez\u00fcglich und auch zu weiteren Fragen zum Thema personenbezogene Daten k\u00f6nnen Sie sich jederzeit \u00fcber die im Impressum aufgef\u00fchrten Kontaktm\u00f6glichkeiten an uns wenden.<\/p>\n<p><strong>SSL- bzw. TLS-Verschl\u00fcsselung<\/strong><\/p>\n<p>Aus Sicherheitsgr\u00fcnden und zum Schutz der \u00dcbertragung vertraulicher Inhalte, die Sie an uns als Seitenbetreiber senden, nutzt unsere Website eine SSL-bzw. TLS-Verschl\u00fcsselung. Damit sind Daten, die Sie \u00fcber diese Website \u00fcbermitteln, f\u00fcr Dritte nicht mitlesbar. Sie erkennen eine verschl\u00fcsselte Verbindung an der \u201ehttps:\/\/\u201c Adresszeile Ihres Browsers und am Schloss-Symbol in der Browserzeile.<\/p>\n<p><strong>Server-Log-Dateien<\/strong><\/p>\n<p>In Server-Log-Dateien erhebt und speichert der Provider der Website automatisch Informationen, die Ihr Browser automatisch an uns \u00fcbermittelt. Dies sind:<\/p>\n<ul>\n<li>Browsertyp und Browserversion<\/li>\n<li>Verwendetes Betriebssystem<\/li>\n<li>Referrer URL<\/li>\n<li>Hostname des zugreifenden Rechners<\/li>\n<li>Uhrzeit der Serveranfrage<\/li>\n<li>IP-Adresse<\/li>\n<\/ul>\n<p>Es findet keine Zusammenf\u00fchrung dieser Daten mit anderen Datenquellen statt. Grundlage der Datenverarbeitung bildet Art. 6 Abs. 1 lit. b DSGVO, der die Verarbeitung von Daten zur Erf\u00fcllung eines Vertrags oder vorvertraglicher Ma\u00dfnahmen gestattet.<\/p>\n<p><strong>Kontaktformular<\/strong><\/p>\n<p>Per Kontaktformular \u00fcbermittelte Daten werden einschlie\u00dflich Ihrer Kontaktdaten gespeichert, um Ihre Anfrage bearbeiten zu k\u00f6nnen oder um f\u00fcr Anschlussfragen bereitzustehen. Eine Weitergabe dieser Daten findet ohne Ihre Einwilligung nicht statt.<\/p>\n<p>Die Verarbeitung der in das Kontaktformular eingegebenen Daten erfolgt ausschlie\u00dflich auf Grundlage Ihrer Einwilligung (Art. 6 Abs. 1 lit. a DSGVO). Ein Widerruf Ihrer bereits erteilten Einwilligung ist jederzeit m\u00f6glich. F\u00fcr den Widerruf gen\u00fcgt eine formlose Mitteilung per E-Mail. Die Rechtm\u00e4\u00dfigkeit der bis zum Widerruf erfolgten Datenverarbeitungsvorg\u00e4nge bleibt vom Widerruf unber\u00fchrt.<\/p>\n<p>\u00dcber das Kontaktformular \u00fcbermittelte Daten verbleiben bei uns, bis Sie uns zur L\u00f6schung auffordern, Ihre Einwilligung zur Speicherung widerrufen oder keine Notwendigkeit der Datenspeicherung mehr besteht. Zwingende gesetzliche Bestimmungen \u2013 insbesondere Aufbewahrungsfristen \u2013 bleiben unber\u00fchrt.<\/p>\n<p><strong>Vimeo<\/strong><\/p>\n<p>F\u00fcr Integration und Darstellung von Videoinhalten nutzt unsere Website Plugins von Vimeo. Anbieter des Videoportals ist die Vimeo Inc., 555 West 18th Street, New York, New York 10011, USA.<\/p>\n<p>Bei Aufruf einer Seite mit integriertem Vimeo-Plugin wird eine Verbindung zu den Servern von Vimeo hergestellt. Vimeo erf\u00e4hrt hierdurch, welche unserer Seiten Sie aufgerufen haben. Vimeo erf\u00e4hrt Ihre IP-Adresse, selbst wenn Sie nicht beim Videoportal<br \/>\neingeloggt sind oder dort kein Konto besitzen. Es erfolgt eine \u00dcbermittlung der von Vimeo erfassten Informationen an Server des Videoportals in den USA.<\/p>\n<p>Vimeo kann Ihr Surfverhalten direkt Ihrem pers\u00f6nlichen Profil zuordnen. Durch vorheriges Ausloggen haben Sie die M\u00f6glichkeit, dies zu unterbinden.<\/p>\n<p>Einzelheiten zum Umgang mit Nutzerdaten finden Sie in der Datenschutzerkl\u00e4rung von Vimeo unter:\u00a0<a href=\"https:\/\/vimeo.com\/privacy\">https:\/\/vimeo.com\/privacy<\/a>.<\/p>\n<p><strong>Cookies<\/strong><\/p>\n<p>Unsere Website verwendet Cookies. Das sind kleine Textdateien, die Ihr Webbrowser auf Ihrem Endger\u00e4t speichert. Cookies helfen uns dabei, unser Angebot nutzerfreundlicher, effektiver und sicherer zu machen.<\/p>\n<p>Einige Cookies sind \u201cSession-Cookies.\u201d Solche Cookies werden nach Ende Ihrer Browser-Sitzung von selbst gel\u00f6scht. Hingegen bleiben andere Cookies auf Ihrem Endger\u00e4t bestehen, bis Sie diese selbst l\u00f6schen. Solche Cookies helfen uns, Sie bei R\u00fcckkehr auf<br \/>\nunserer Website wiederzuerkennen.<\/p>\n<p>Mit einem modernen Webbrowser k\u00f6nnen Sie das Setzen von Cookies \u00fcberwachen, einschr\u00e4nken oder unterbinden. Viele Webbrowser lassen sich so konfigurieren, dass Cookies mit dem Schlie\u00dfen des Programms von selbst gel\u00f6scht werden. Die Deaktivierung von Cookies<br \/>\nkann eine eingeschr\u00e4nkte Funktionalit\u00e4t unserer Website zur Folge haben.<\/p>\n<p>Das Setzen von Cookies, die zur Aus\u00fcbung elektronischer Kommunikationsvorg\u00e4nge oder der Bereitstellung bestimmter, von Ihnen erw\u00fcnschter Funktionen (z.B. Warenkorb) notwendig sind, erfolgt auf Grundlage von Art. 6 Abs. 1 lit. f DSGVO. Als Betreiber dieser<br \/>\nWebsite haben wir ein berechtigtes Interesse an der Speicherung von Cookies zur technisch fehlerfreien und reibungslosen Bereitstellung unserer Dienste. Sofern die Setzung anderer Cookies (z.B. f\u00fcr Analyse-Funktionen) erfolgt, werden diese in dieser<br \/>\nDatenschutzerkl\u00e4rung separat behandelt.<\/p>\n<p><strong>Google Analytics<\/strong><\/p>\n<p>Unsere Website verwendet Funktionen des Webanalysedienstes Google Analytics. Anbieter des Webanalysedienstes ist die Google Inc., 1600 Amphitheatre Parkway, Mountain View, CA 94043, USA.<\/p>\n<p>Google Analytics verwendet \u201eCookies.\u201c Das sind kleine Textdateien, die Ihr Webbrowser auf Ihrem Endger\u00e4t speichert und eine Analyse der Website-Benutzung erm\u00f6glichen. Mittels Cookie erzeugte Informationen \u00fcber Ihre Benutzung unserer Website<br \/>\nwerden an einen Server von Google \u00fcbermittelt und dort gespeichert. Server-Standort ist im Regelfall die USA.<\/p>\n<p>Das Setzen von Google-Analytics-Cookies erfolgt auf Grundlage von Art. 6 Abs. 1 lit. f DSGVO. Als Betreiber dieser Website haben wir \u00a0ein berechtigtes Interesse an der Analyse des Nutzerverhaltens, um unser Webangebot und ggf. auch Werbung zu optimieren.<\/p>\n<p>IP-Anonymisierung<\/p>\n<p>Wir setzen Google Analytics in Verbindung mit der Funktion IP-Anonymisierung ein. Sie gew\u00e4hrleistet, dass Google Ihre IP-Adresse innerhalb von Mitgliedstaaten der Europ\u00e4ischen Union oder in anderen Vertragsstaaten des Abkommens \u00fcber den Europ\u00e4ischen Wirtschaftsraum<br \/>\nvor der \u00dcbermittlung in die USA k\u00fcrzt. Es kann Ausnahmef\u00e4lle geben, in denen Google die volle IP-Adresse an einen Server in den USA \u00fcbertr\u00e4gt und dort k\u00fcrzt. In unserem Auftrag wird Google diese Informationen benutzen, um Ihre Nutzung der Website<br \/>\nauszuwerten, um Reports \u00fcber Websiteaktivit\u00e4ten zu erstellen und um weitere mit der Websitenutzung und der Internetnutzung verbundene Dienstleistungen gegen\u00fcber uns zu erbringen. Es findet keine Zusammenf\u00fchrung der von Google Analytics \u00fcbermittelten<br \/>\nIP-Adresse mit anderen Daten von Google statt.<\/p>\n<p>Browser Plugin<\/p>\n<p>Das Setzen von Cookies durch Ihren Webbrowser ist verhinderbar. Einige Funktionen unserer Website k\u00f6nnten dadurch jedoch eingeschr\u00e4nkt werden. Ebenso k\u00f6nnen Sie die Erfassung von Daten bez\u00fcglich Ihrer Website-Nutzung einschlie\u00dflich Ihrer IP-Adresse mitsamt<br \/>\nanschlie\u00dfender Verarbeitung durch Google unterbinden. Dies ist m\u00f6glich, indem Sie das \u00fcber folgenden Link erreichbare Browser-Plugin herunterladen und installieren:\u00a0<a href=\"https:\/\/tools.google.com\/dlpage\/gaoptout?hl=de\">https:\/\/tools.google.com\/dlpage\/gaoptout?hl=de<\/a>.<\/p>\n<p>Widerspruch gegen die Datenerfassung<\/p>\n<p>Sie k\u00f6nnen die Erfassung Ihrer Daten durch Google Analytics verhindern, indem Sie auf folgenden Link klicken. Es wird ein Opt-Out-Cookie gesetzt, der die Erfassung Ihrer Daten bei zuk\u00fcnftigen Besuchen unserer Website verhindert: Google Analytics deaktivieren.<\/p>\n<p>Einzelheiten zum Umgang mit Nutzerdaten bei Google Analytics finden Sie in der Datenschutzerkl\u00e4rung von Google:\u00a0<a href=\"https:\/\/support.google.com\/analytics\/answer\/6004245?hl=de\">https:\/\/support.google.com\/analytics\/answer\/6004245?hl=de<\/a>.<\/p>\n<p>Auftragsverarbeitung<\/p>\n<p>Zur vollst\u00e4ndigen Erf\u00fcllung der gesetzlichen Datenschutzvorgaben haben wir mit Google einen Vertrag \u00fcber die Auftragsverarbeitung abgeschlossen.<\/p>\n<p>Demografische Merkmale bei Google Analytics<\/p>\n<p>Unsere Website verwendet die Funktion \u201cdemografische Merkmale\u201d von Google Analytics. Mit ihr lassen sich Berichte erstellen, die Aussagen zu Alter, Geschlecht und Interessen der Seitenbesucher enthalten. Diese Daten stammen aus interessenbezogener Werbung<br \/>\nvon Google sowie aus Besucherdaten von Drittanbietern. Eine Zuordnung der Daten zu einer bestimmten Person ist nicht m\u00f6glich. Sie k\u00f6nnen diese Funktion jederzeit deaktivieren. Dies ist \u00fcber die Anzeigeneinstellungen in Ihrem Google-Konto m\u00f6glich oder<br \/>\nindem Sie die Erfassung Ihrer Daten durch Google Analytics, wie im Punkt \u201cWiderspruch gegen die Datenerfassung\u201d erl\u00e4utert, generell untersagen.<\/p>\n<p><small>Quelle: Datenschutz-Konfigurator von\u00a0<a href=\"http:\/\/www.mein-datenschutzbeauftragter.de\/\" target=\"_blank\" rel=\"noopener\">mein-datenschutzbeauftragter.de<\/a><\/small><\/p>\n<\/div>\n<\/section>\n<\/div>\n<\/div><\/section><\/div><\/div><\/div><\/main><!-- close content main element --><\/div><\/div><\/div><div id='after_section_1'  class='main_color av_default_container_wrap container_wrap sidebar_right'  ><div class='container av-section-cont-open' ><div class='template-page content  av-content-small alpha units'><div class='post-entry post-entry-type-page post-entry-3358'><div class='entry-content-wrapper clearfix'>\n","protected":false},"excerpt":{"rendered":"","protected":false},"author":1,"featured_media":0,"parent":0,"menu_order":0,"comment_status":"closed","ping_status":"closed","template":"","meta":{"footnotes":""},"class_list":["post-3358","page","type-page","status-publish","hentry"],"_links":{"self":[{"href":"https:\/\/www.3d-rendering24.de\/index.php\/wp-json\/wp\/v2\/pages\/3358","targetHints":{"allow":["GET"]}}],"collection":[{"href":"https:\/\/www.3d-rendering24.de\/index.php\/wp-json\/wp\/v2\/pages"}],"about":[{"href":"https:\/\/www.3d-rendering24.de\/index.php\/wp-json\/wp\/v2\/types\/page"}],"author":[{"embeddable":true,"href":"https:\/\/www.3d-rendering24.de\/index.php\/wp-json\/wp\/v2\/users\/1"}],"replies":[{"embeddable":true,"href":"https:\/\/www.3d-rendering24.de\/index.php\/wp-json\/wp\/v2\/comments?post=3358"}],"version-history":[{"count":1,"href":"https:\/\/www.3d-rendering24.de\/index.php\/wp-json\/wp\/v2\/pages\/3358\/revisions"}],"predecessor-version":[{"id":3359,"href":"https:\/\/www.3d-rendering24.de\/index.php\/wp-json\/wp\/v2\/pages\/3358\/revisions\/3359"}],"wp:attachment":[{"href":"https:\/\/www.3d-rendering24.de\/index.php\/wp-json\/wp\/v2\/media?parent=3358"}],"curies":[{"name":"wp","href":"https:\/\/api.w.org\/{rel}","templated":true}]}}