{"id":3149,"date":"2025-12-13T15:55:37","date_gmt":"2025-12-13T14:55:37","guid":{"rendered":"https:\/\/www.3d-rendering24.de\/?page_id=3149"},"modified":"2025-12-13T15:58:25","modified_gmt":"2025-12-13T14:58:25","slug":"impressum","status":"publish","type":"page","link":"https:\/\/www.3d-rendering24.de\/index.php\/impressum\/","title":{"rendered":"Impressum"},"content":{"rendered":"\n<style type=\"text\/css\" data-created_by=\"avia_inline_auto\" id=\"style-css-av-78ngf6-990305712cd588348808748650ef3fb2\">\n.avia-section.av-78ngf6-990305712cd588348808748650ef3fb2 .av-section-color-overlay{\nopacity:0.7;\nbackground-image:url(https:\/\/www.3d-rendering24.de\/wp-content\/themes\/enfold\/images\/background-images\/diagonal-thin-dark.png);\nbackground-repeat:repeat;\n}\n<\/style>\n<div id='av_section_1'  class='avia-section av-78ngf6-990305712cd588348808748650ef3fb2 main_color avia-section-large avia-no-border-styling  avia-builder-el-0  avia-builder-el-no-sibling  avia-bg-style-scroll av-section-color-overlay-active container_wrap sidebar_right'  ><div class=\"av-section-color-overlay-wrap\"><div class=\"av-section-color-overlay\"><\/div><div class='container av-section-cont-open' ><main  role=\"main\" itemprop=\"mainContentOfPage\"  class='template-page content  av-content-small alpha units'><div class='post-entry post-entry-type-page post-entry-3149'><div class='entry-content-wrapper clearfix'>\n\n<style type=\"text\/css\" data-created_by=\"avia_inline_auto\" id=\"style-css-av-p39du-e15672f6ddf73b75a76087d288b962e3\">\n#top .av-special-heading.av-p39du-e15672f6ddf73b75a76087d288b962e3{\npadding-bottom:30px;\nfont-size:70px;\n}\nbody .av-special-heading.av-p39du-e15672f6ddf73b75a76087d288b962e3 .av-special-heading-tag .heading-char{\nfont-size:25px;\n}\n#top #wrap_all .av-special-heading.av-p39du-e15672f6ddf73b75a76087d288b962e3 .av-special-heading-tag{\nfont-size:70px;\n}\n.av-special-heading.av-p39du-e15672f6ddf73b75a76087d288b962e3 .av-subheading{\nfont-size:15px;\n}\n\n@media only screen and (min-width: 480px) and (max-width: 767px){ \n#top #wrap_all .av-special-heading.av-p39du-e15672f6ddf73b75a76087d288b962e3 .av-special-heading-tag{\nfont-size:0.8em;\n}\n}\n\n@media only screen and (max-width: 479px){ \n#top #wrap_all .av-special-heading.av-p39du-e15672f6ddf73b75a76087d288b962e3 .av-special-heading-tag{\nfont-size:0.8em;\n}\n}\n<\/style>\n<div  class='av-special-heading av-p39du-e15672f6ddf73b75a76087d288b962e3 av-special-heading-h1 blockquote modern-quote  avia-builder-el-1  el_before_av_one_full  avia-builder-el-first  av-thin-font av-inherit-size'><h1 class='av-special-heading-tag '  itemprop=\"headline\"  >Impressum<strong>.<\/strong><\/h1><div class=\"special-heading-border\"><div class=\"special-heading-inner-border\"><\/div><\/div><\/div>\n<div  class='flex_column av-36p0e7-75c6b9389cde4adac0ceecaba4edbc51 av_one_full  avia-builder-el-2  el_after_av_heading  avia-builder-el-last  first flex_column_div  '     ><section  class='av_textblock_section av-6nvihu-93e55e19eee0818bf105b1736ea29b0b '   itemscope=\"itemscope\" itemtype=\"https:\/\/schema.org\/CreativeWork\" ><div class='avia_textblock'  itemprop=\"text\" ><p>Architektur Visualisierungen<\/p>\n<div>\n<p><strong>www.3d-rendering24.de<\/strong><\/p>\n<p>Dipl.- Ing. (FH) Michael Bialek<\/p>\n<p>Bayerwaldstra\u00dfe 41<br \/>\n94169 Thurmansbang<\/p>\n<p>Mobil: (+49) 171 \/ 120 777 5<br \/>\nE-Mail:\u00a0<span id=\"cloak61205\"><a href=\"mailto:info@3d-rendering24.de\">info@3d-rendering24.de<\/a><\/span><br \/>\nInternet:\u00a0<a href=\"https:\/\/www.3d-rendering24.de\/index.php\/willkommen\/\" target=\"_blank\" rel=\"noopener\">www.3d-rendering24.de<\/a><\/p>\n<p><a href=\"https:\/\/3d-rendering24.com\/kontakt\/\">Kontakt<\/a><\/p>\n<hr \/>\n<\/div>\n<p><span lang=\"de\" xml:lang=\"de\">Steuernummer:<\/span><strong><span lang=\"de\" xml:lang=\"de\">\u00a0 244\/204\/90042<br \/>\n<\/span><\/strong><span lang=\"de\" xml:lang=\"de\">UST-IDNR:<\/span><strong><span lang=\"de\" xml:lang=\"de\">\u00a0DE199403246<\/span><\/strong><\/p>\n<hr \/>\n<p><strong>Inhalt des Online-Angebots<\/strong><\/p>\n<p><strong>3D-RENDERING24.DE<\/strong>\u00a0ist stets bem\u00fcht, qualitativ hochwertige Informationen zur Verf\u00fcgung zu stellen. Dennoch \u00fcbernehmen wir keinerlei Gew\u00e4hr f\u00fcr die Aktualit\u00e4t, Korrektheit, Vollst\u00e4ndigkeit, Qualit\u00e4t oder Verf\u00fcgbarkeit der bereitgestellten Informationen.<\/p>\n<p>Haftungsanspr\u00fcche gegen die Betreiber der Website, die sich auf Sch\u00e4den materieller oder ideeller Art beziehen, welche durch die Nutzung oder Nichtnutzung der dargebotenen Informationen bzw. durch die Nutzung fehlerhafter und unvollst\u00e4ndiger Informationen verursacht wurden sind grunds\u00e4tzlich ausgeschlossen, sofern seitens der Betreiber kein nachweislich vors\u00e4tzliches oder grob fahrl\u00e4ssiges Verschulden vorliegt.<br \/>\nAlle Angebote sind freibleibend und unverbindlich.<\/p>\n<p>Wir behalten es uns ausdr\u00fccklich vor, Teile der Seiten oder das gesamte Angebot ohne gesonderte Ank\u00fcndigung zu ver\u00e4ndern, zu erg\u00e4nzen, zu l\u00f6schen oder die Ver\u00f6ffentlichung zeitweise oder endg\u00fcltig einzustellen.<\/p>\n<hr \/>\n<p><strong>Haftung fu\u0308r Inhalte<\/strong><br \/>\nAls Diensteanbieter sind wir gem\u00e4\u00df \u00a7 7 Abs.1 TMG fu\u0308r eigene Inhalte auf diesen Seiten nach den allgemeinen Gesetzen verantwortlich. Nach \u00a7\u00a7 8 bis 10 TMG sind wir als Diensteanbieter jedoch nicht verpflichtet, u\u0308bermittelte oder gespeicherte fremde Informationen zu u\u0308berwachen oder nach Umst\u00e4nden zu forschen, die auf eine rechtswidrige T\u00e4tigkeit hinweisen.<br \/>\nVerpflichtungen zur Entfernung oder Sperrung der Nutzung von Informationen nach den allgemeinen Gesetzen bleiben hiervon unberu\u0308hrt. Eine diesbezu\u0308gliche Haftung ist jedoch erst ab dem Zeitpunkt der Kenntnis einer konkreten Rechtsverletzung m\u00f6glich. Bei Bekanntwerden von entsprechenden Rechtsverletzungen werden wir diese Inhalte umgehend entfernen.<\/p>\n<p><strong>Haftung fu\u0308r Links<\/strong><br \/>\nUnser Angebot enth\u00e4lt Links zu externen Websites Dritter, auf deren Inhalte wir keinen Einfluss haben. Deshalb k\u00f6nnen wir fu\u0308r diese fremden Inhalte auch keine Gew\u00e4hr u\u0308bernehmen. Fu\u0308r die Inhalte der verlinkten Seiten ist stets der jeweilige Anbieter oder Betreiber der Seiten verantwortlich. Die verlinkten Seiten wurden zum Zeitpunkt der Verlinkung auf m\u00f6gliche Rechtsverst\u00f6\u00dfe u\u0308berpru\u0308ft. Rechtswidrige Inhalte waren zum Zeitpunkt der Verlinkung nicht erkennbar.<br \/>\nEine permanente inhaltliche Kontrolle der verlinkten Seiten ist jedoch ohne konkrete Anhaltspunkte einer Rechtsverletzung nicht zumutbar. Bei Bekanntwerden von Rechtsverletzungen werden wir derartige Links umgehend entfernen.<\/p>\n<p><strong>Urheberrecht<\/strong><br \/>\nDie durch die Seitenbetreiber erstellten Inhalte und Werke auf diesen Seiten unterliegen dem deutschen Urheberrecht. Die Vervielf\u00e4ltigung, Bearbeitung, Verbreitung und jede Art der Verwertung au\u00dferhalb der Grenzen des Urheberrechtes bedu\u0308rfen der schriftlichen Zustimmung des jeweiligen Autors bzw. Erstellers. Downloads und Kopien dieser Seite sind nur fu\u0308r den privaten, nicht kommerziellen Gebrauch gestattet.<br \/>\nSoweit die Inhalte auf dieser Seite nicht vom Betreiber erstellt wurden, werden die Urheberrechte Dritter beachtet. Insbesondere werden Inhalte Dritter als solche gekennzeichnet. Sollten Sie trotzdem auf eine Urheberrechtsverletzung aufmerksam werden, bitten wir um einen entsprechenden Hinweis. Bei Bekanntwerden von Rechtsverletzungen werden wir derartige Inhalte umgehend entfernen.<\/p>\n<\/div><\/section><\/div><\/div><\/div><\/main><!-- close content main element --><\/div><\/div><\/div><div id='after_section_1'  class='main_color av_default_container_wrap container_wrap sidebar_right'  ><div class='container av-section-cont-open' ><div class='template-page content  av-content-small alpha units'><div class='post-entry post-entry-type-page post-entry-3149'><div class='entry-content-wrapper clearfix'>\n","protected":false},"excerpt":{"rendered":"","protected":false},"author":1,"featured_media":0,"parent":0,"menu_order":0,"comment_status":"closed","ping_status":"closed","template":"","meta":{"footnotes":""},"class_list":["post-3149","page","type-page","status-publish","hentry"],"_links":{"self":[{"href":"https:\/\/www.3d-rendering24.de\/index.php\/wp-json\/wp\/v2\/pages\/3149","targetHints":{"allow":["GET"]}}],"collection":[{"href":"https:\/\/www.3d-rendering24.de\/index.php\/wp-json\/wp\/v2\/pages"}],"about":[{"href":"https:\/\/www.3d-rendering24.de\/index.php\/wp-json\/wp\/v2\/types\/page"}],"author":[{"embeddable":true,"href":"https:\/\/www.3d-rendering24.de\/index.php\/wp-json\/wp\/v2\/users\/1"}],"replies":[{"embeddable":true,"href":"https:\/\/www.3d-rendering24.de\/index.php\/wp-json\/wp\/v2\/comments?post=3149"}],"version-history":[{"count":3,"href":"https:\/\/www.3d-rendering24.de\/index.php\/wp-json\/wp\/v2\/pages\/3149\/revisions"}],"predecessor-version":[{"id":3153,"href":"https:\/\/www.3d-rendering24.de\/index.php\/wp-json\/wp\/v2\/pages\/3149\/revisions\/3153"}],"wp:attachment":[{"href":"https:\/\/www.3d-rendering24.de\/index.php\/wp-json\/wp\/v2\/media?parent=3149"}],"curies":[{"name":"wp","href":"https:\/\/api.w.org\/{rel}","templated":true}]}}