{"id":3135,"date":"2025-12-13T15:35:58","date_gmt":"2025-12-13T14:35:58","guid":{"rendered":"https:\/\/www.3d-rendering24.de\/?page_id=3135"},"modified":"2025-12-13T15:44:46","modified_gmt":"2025-12-13T14:44:46","slug":"agb","status":"publish","type":"page","link":"https:\/\/www.3d-rendering24.de\/index.php\/agb\/","title":{"rendered":"AGB"},"content":{"rendered":"\n<style type=\"text\/css\" data-created_by=\"avia_inline_auto\" id=\"style-css-av-78ngf6-990305712cd588348808748650ef3fb2\">\n.avia-section.av-78ngf6-990305712cd588348808748650ef3fb2 .av-section-color-overlay{\nopacity:0.7;\nbackground-image:url(https:\/\/www.3d-rendering24.de\/wp-content\/themes\/enfold\/images\/background-images\/diagonal-thin-dark.png);\nbackground-repeat:repeat;\n}\n<\/style>\n<div id='av_section_1'  class='avia-section av-78ngf6-990305712cd588348808748650ef3fb2 main_color avia-section-large avia-no-border-styling  avia-builder-el-0  avia-builder-el-no-sibling  avia-bg-style-scroll av-section-color-overlay-active container_wrap sidebar_right'  ><div class=\"av-section-color-overlay-wrap\"><div class=\"av-section-color-overlay\"><\/div><div class='container av-section-cont-open' ><main  role=\"main\" itemprop=\"mainContentOfPage\"  class='template-page content  av-content-small alpha units'><div class='post-entry post-entry-type-page post-entry-3135'><div class='entry-content-wrapper clearfix'>\n\n<style type=\"text\/css\" data-created_by=\"avia_inline_auto\" id=\"style-css-av-p39du-854b07b151f602bb133dc9f441f89bf6\">\n#top .av-special-heading.av-p39du-854b07b151f602bb133dc9f441f89bf6{\npadding-bottom:30px;\nfont-size:70px;\n}\nbody .av-special-heading.av-p39du-854b07b151f602bb133dc9f441f89bf6 .av-special-heading-tag .heading-char{\nfont-size:25px;\n}\n#top #wrap_all .av-special-heading.av-p39du-854b07b151f602bb133dc9f441f89bf6 .av-special-heading-tag{\nfont-size:70px;\n}\n.av-special-heading.av-p39du-854b07b151f602bb133dc9f441f89bf6 .av-subheading{\nfont-size:15px;\n}\n\n@media only screen and (min-width: 480px) and (max-width: 767px){ \n#top #wrap_all .av-special-heading.av-p39du-854b07b151f602bb133dc9f441f89bf6 .av-special-heading-tag{\nfont-size:0.8em;\n}\n}\n\n@media only screen and (max-width: 479px){ \n#top #wrap_all .av-special-heading.av-p39du-854b07b151f602bb133dc9f441f89bf6 .av-special-heading-tag{\nfont-size:0.8em;\n}\n}\n<\/style>\n<div  class='av-special-heading av-p39du-854b07b151f602bb133dc9f441f89bf6 av-special-heading-h1 blockquote modern-quote  avia-builder-el-1  el_before_av_one_full  avia-builder-el-first  av-thin-font av-inherit-size'><h1 class='av-special-heading-tag '  itemprop=\"headline\"  >AGB<strong>.<\/strong><\/h1><div class=\"special-heading-border\"><div class=\"special-heading-inner-border\"><\/div><\/div><\/div>\n<div  class='flex_column av-36p0e7-75c6b9389cde4adac0ceecaba4edbc51 av_one_full  avia-builder-el-2  el_after_av_heading  avia-builder-el-last  first flex_column_div  '     ><section  class='av_textblock_section av-6nvihu-93e55e19eee0818bf105b1736ea29b0b '   itemscope=\"itemscope\" itemtype=\"https:\/\/schema.org\/CreativeWork\" ><div class='avia_textblock'  itemprop=\"text\" ><p>Allgemeine Gesch\u00e4ftsbedingungen<\/p>\n<p><strong>3D-Rendering24.de<\/strong><\/p>\n<p>0171-120 777 5<\/p>\n<p>Bayerwaldstra\u00dfe 41<br \/>\n94169 Thurmansbang<\/p>\n<p>Dipl.- Ing. (FH) Michael Bialek<\/p>\n<ol>\n<li>Allgemeiner Geltungsbereich<\/li>\n<li>Angebot, Auftragsannahme, Leistungsumfang und Auftragsabwicklung<\/li>\n<li>Fertigstellungstermine, Leistungserf\u00fcllung und Abnahme<\/li>\n<li>Geheimhaltung und Vertraulichkeit<\/li>\n<li>Verg\u00fctung und F\u00e4lligkeit<\/li>\n<li>Eigentumsvorbehalt<\/li>\n<li>Urheberrecht und Nutzungsrechte<\/li>\n<li>Gew\u00e4hrleistung und Haftung<\/li>\n<li>Vorzeitiger Abbruch durch den AG<\/li>\n<li>Schlussbestimmungen<\/li>\n<\/ol>\n<hr \/>\n<p><strong>1. Allgemeiner Geltungsbereich<\/strong><\/p>\n<p>1.1 Diese Allgemeinen Gesch\u00e4ftsbedingungen gelten f\u00fcr alle Rechtsgesch\u00e4fte der Firma 3D-Rendering24.de mit ihren Vertragspartnern, nachfolgend AG genannt. Diese AGBs gelten auch f\u00fcr alle zuk\u00fcnftigen Gesch\u00e4ftsbeziehungen mit dem AG, ohne dass es eines erneuten Hinweises hierauf bedarf.<\/p>\n<p>1.2 Abweichende Bedingungen bed\u00fcrfen jederzeit der Schriftform und gelten nur, wenn diese schriftlich von 3D-Rendering24.de anerkannt werden. Ebenso sind entgegenstehende Allgemeine Gesch\u00e4ftsbedingungen des AGs sind nur dann wirksam, wenn diese von 3D-Rendering24.com ausdr\u00fccklich schriftlich anerkannt werden.<\/p>\n<p>1.3 Mit Erteilung eines m\u00fcndlichen oder schriftlichen Auftrages oder Annahme des Angebotes gelten diese AGB\u00b4s als angenommen.<\/p>\n<p><strong><br \/>\n2. Angebot, Auftragsannahme, Leistungsumfang und Auftragsabwicklung<\/strong><\/p>\n<p>2.1 Alle Angebote sind freibleibend und unverbindlich. Die G\u00fcltigkeit der Angebote betragen ab Angebotsdatum 20 Kalendertage.<\/p>\n<p>2.2 Die Annahmeerkl\u00e4rung des Angebotes seitens des AGs kann per Fax oder E-Mail erfolgen.<br \/>\nHierzu ist das mit einem Angebot versendete Auftragsformular rechtsverbindlich unterzeichnet an 3D-Rendering24.de zuzusenden.<br \/>\nDer Vertrag kommt durch eine Auftragsbest\u00e4tigung per E-Mail, Fax oder Post seitens von 3D-Rendering24.com zustande.<\/p>\n<p>2.3 Der Umfang der vertraglichen Leistung ergibt sich aus dem zugrundeliegenden Angebot oder dem Vertrag mit dessen Anlagen. Die im Angebot und in der Auftragsbest\u00e4tigung genannten Preise gelten unter dem Vorbehalt, dass die zu Grunde gelegten Auftragsdaten in sich schl\u00fcssig und korrekt sind sowie unver\u00e4ndert bleiben. Die durch nachtr\u00e4gliche \u00c4nderungen und\/oder Erg\u00e4nzungen des Vertragsgegenstandes entstehenden Mehrkosten werden dem AG nach Absprache mit dem AG in Rechnung gestellt.<\/p>\n<p>2.4 3D-Rendering24.com ist berechtigt, sich f\u00fcr die Ausf\u00fchrung vertraglicher Verpflichtungen Erf\u00fcllungsgehilfen zu bedienen. In diesem Falle werden diese Erf\u00fcllungsgehilfen nicht Vertragspartner des AGs.<\/p>\n<p>2.5 Der AG stellt die f\u00fcr die Durchf\u00fchrung des Auftrags erforderlichen Daten und Informationen zeitgerecht und unentgeltlich zur Verf\u00fcgung. 3D-Rendering24.de haftet nicht f\u00fcr das Nichteinhalten der vereinbarten Lieferfrist durch den versp\u00e4ten Zugang der erforderlichen Unterlagen.<\/p>\n<p>2.6 3D-Rendering24.de ist nicht verantwortlich, wenn durch eine l\u00fccken- oder fehlerhafte Datenlage das Ergebnis verf\u00e4lscht und unrichtig dargestellt wird.<\/p>\n<p>2.7 Der AG versichert, dass er zur Verwendung aller an 3D-Rendering24.de \u00fcbergebenen Daten berechtigt und in Besitz der erforderlichen Nutzungsrechte ist. Sollte er entgegen dieser Versicherung nicht zur Verwendung berechtigt sein, stellt der AG 3D-Rendering24.de von allen Ersatzanspr\u00fcchen Dritter frei und ersetzt jegliche Kosten, die 3D-Rendering24.de aufgrund der Inanspruchnahme Dritter wegen Rechtsverletzungen durch das vom AG schuldhaft vertrags- und\/oder rechtswidrig zur Verf\u00fcgung gestellte Unterlagen entstehen.<\/p>\n<p><strong><br \/>\n3. Fertigstellungstermine, Leistungserf\u00fcllung und Abnahme<\/strong><\/p>\n<p>3.1 Vom AG versp\u00e4tet eingereichte Unterlagen, versp\u00e4tete (Teil-)Abnahmen und \u00c4nderungsw\u00fcnsche des urspr\u00fcnglich vereinbarten Auftragsumfangs k\u00f6nnen eine Verschiebung des Fertigstellungstermins zur Folge haben, ohne dass dies zu einem Verzug f\u00fchrt.<br \/>\n3D-Rendering24.de haftet nicht f\u00fcr das Nichteinhalten des vereinbarten Liefertermins aufgrund von Gegebenheiten, die der AG zu vertreten hat. In einem solchen Fall weist 3D-Rendering24.de den AG auf etwaige Terminverschiebungen hin.<\/p>\n<p>3.2 Ereignisse h\u00f6herer Gewalt (Aufruhr, Kriegs- und Naturereignisse, Streik, St\u00f6rungen der Telekommunikation und der Stromversorgung etc.) berechtigen 3D-Rendering24.de, den Liefertermin f\u00fcr die beauftragten Arbeiten um die Dauer der Behinderung und einer angemessenen Anlaufzeit hinaus zuschieben. Ein Schadensersatzanspruch vom AG gegen 3D-Rendering24.de resultiert daraus nicht. Dies gilt auch dann, wenn dadurch f\u00fcr den AG wichtige Termine und Ereignisse nicht eingehalten werden k\u00f6nnen oder nicht eintreten.<\/p>\n<p>3.3 Grunds\u00e4tzlich besteht im Rahmen der gesamten Auftragsabwicklung Gestaltungs- und Ideenfreiheit, insbesondere in den nicht n\u00e4her definierten Bereichen der beauftragten Leistung. Daher steht nach Abgabe dem Vertragspartner, in einem vertretbaren Rahmen, genau ein Korrekturanspruch bez\u00fcglich der Gestaltung durch 3D-Rendering24.de zu. Weitere \u00c4nderungsw\u00fcnsche des AGs werden nur gegen Mehrkosten durchgef\u00fchrt.<\/p>\n<p>3.4 3D-Rendering24.de verpflichtet sich, den Auftrag mit gr\u00f6\u00dftm\u00f6glicher Sorgfalt auszuf\u00fchren. Der AG kann Beanstandungen gleich welcher Art innerhalb von 7 Kalendertagen nach Ablieferung der Leistung schriftlich geltend machen. Innerhalb dieses Zeitraums werden Korrekturen kostenfrei bearbeitet. Unter Korrekturen wird die Behebung offensichtlicher Fehler von 3D-Rendering24.de verstanden. Nach Ablauf dieses Zeitraums gilt die Leistung als mangelfrei angenommen.<\/p>\n<p>3.5 3D-Rendering24.de ist nicht verpflichtet, Daten oder sonstige Projektunterlagen \u00fcber den Auftragszeitraum hinaus aufzubewahren.<\/p>\n<p><strong><br \/>\n4. Geheimhaltung und Vertraulichkeit<\/strong><\/p>\n<p>3D-Rendering24.de verpflichtet sich, alle Kenntnisse, die sie im Rahmen eines Auftrags vom AG erh\u00e4lt, zeitlich unbeschr\u00e4nkt streng vertraulich zu behandeln und sowohl Mitarbeiter als auch eventuell herangezogene Dritte ebenfalls in gleicher Weise zu absolutem Stillschweigen zu verpflichten.<\/p>\n<p><strong><br \/>\n5. Verg\u00fctung und F\u00e4lligkeit<\/strong><\/p>\n<p>5.1 In Angeboten und Auftragsbest\u00e4tigungen genannten Preise sind Nettopreise. Die Mehrwertsteuer wird gesondert ausgewiesen.<\/p>\n<p>5.2 Der Rechnungsbetrag ist innerhalb von 7 Kalendertagen ab Rechnungsdatum ohne Abzug f\u00e4llig, au\u00dfer im Angebot wird ein anderer Zeitraum angegeben.<\/p>\n<p>5.3 Erstreckt sich ein Auftrag \u00fcber einen l\u00e4ngeren Zeitraum oder erfordert er von 3D-Rendering24.de hohe finanzielle Vorleistungen, kann 3D-Rendering24.de dem AG Abschlagszahlungen \u00fcber bereits erbrachte Teilleistungen in Rechnung stellen. Diese Teilleistungen m\u00fcssen nicht in einer f\u00fcr den Kunden nutzbaren Form vorliegen und k\u00f6nnen auch nur als reine Arbeitsgrundlage f\u00fcr 3D-Rendering24.de verf\u00fcgbar sein.<\/p>\n<p>5.4 Bei Zahlungsverzug kann 3D-Rendering24.de Verzugszinsen in H\u00f6he von 6% \u00fcber dem jeweiligen Basiszinssatz der Deutschen Bundesbank zuz\u00fcglich Mahnkosten verlangen. Die Geltendmachung eines nachgewiesenen h\u00f6heren Schadens bleibt davon unber\u00fchrt.<\/p>\n<p>5.5 Der AG verpflichtet sich, eventuell anfallende Geb\u00fchren an Verwertungsgesellschaften wie beispielsweise an die GEMA abzuf\u00fchren. Werden diese Geb\u00fchren von 3D-Rendering24.de verauslagt, so verpflichtet sich der Kunde diese gegen Nachweis zu erstatten. Dies kann auch noch nach Beendigung des Vertragsverh\u00e4ltnisses erfolgen.<\/p>\n<p><strong><br \/>\n6. Eigentumsvorbehalt<\/strong><\/p>\n<p>6.1 An allen von 3D-Rendering24.de erstellten Arbeiten werden nur Nutzungsrechte einger\u00e4umt, nicht jedoch Eigentumsrechte \u00fcbertragen.<\/p>\n<p>6.2 Alle Arbeitsunterlagen und elektronischen Daten, die im Rahmen der Auftragsbearbeitung durch 3D-Rendering24.de erstellt werden, verbleiben Eigentum von 3D-Rendering24.de. 3D-Rendering24.de ist nicht verpflichtet, diese Unterlagen an den AG herauszugeben. 3D-Rendering24.de schuldet mit der Bezahlung die vereinbarte Leistung, nicht jedoch die zu diesem Ergebnis f\u00fchrenden Zwischenschritte in Form von Skizzen, Entw\u00fcrfen, 3D Produktionsdateien usw. W\u00fcnscht der AG die Herausgabe von bestimmten Dateien, so ist dies gesondert zu vereinbaren und zu verg\u00fcten. Hat 3D-Rendering24.de dem AG Dateien zur Verf\u00fcgung gestellt, d\u00fcrfen diese nur mit vorheriger Zustimmung von 3D-Rendering24.de ge\u00e4ndert werden.<\/p>\n<p><strong><br \/>\n7. Urheberrecht und Nutzungsrechte<\/strong><\/p>\n<p>7.1 Alle durch 3D-Rendering24.de erstellten Arbeiten unterliegen dem Urheberrechtsgesetz. Die Bestimmungen des Urheberrechtsgesetzes gelten auch dann, wenn die nach \u00a7 2 UrhG erforderliche Sch\u00f6pfungsh\u00f6he nicht erreicht ist.<\/p>\n<p>7.2 Dem AG werden die f\u00fcr den jeweiligen Zweck erforderlichen Nutzungsrechte einger\u00e4umt. Soweit nichts anderes vereinbart ist, wird jeweils nur das einfache Nutzungsrecht \u00fcbertragen. Eine Weitergabe der Nutzungsrechte an Dritte bedarf der schriftlichen Vereinbarung. Die Nutzungsrechte gehen erst nach vollst\u00e4ndiger Bezahlung der Verg\u00fctung \u00fcber.<\/p>\n<p>7.3 \u00dcber den Umfang der Nutzung steht 3D-Rendering24.de ein Auskunftsanspruch zu. Die Arbeiten d\u00fcrfen nur f\u00fcr die vereinbarte Nutzungsart und den vereinbarten Zweck im vereinbarten Umfang verwertet werden. Jede anderweitige oder weitergehende Nutzung ist nur mit der Einwilligung von 3D-Rendering24.de und nach Vereinbarung eines zus\u00e4tzlichen Nutzungshonorars gestattet.<\/p>\n<p>7.4 An Zwischenergebnissen, nicht ausgef\u00fchrten Konzepten und nicht abgenommenen Varianten der Arbeiten erwirbt der AG keine Nutzungsrechte. Sie d\u00fcrfen ohne Zustimmung von 3D-Rendering24.de nicht ausgef\u00fchrt, verwertet oder an Dritte weitergegeben werden.<\/p>\n<p>7.5 Die durch 3D-Rendering24.de erstellten Arbeiten d\u00fcrfen ohne ausdr\u00fcckliche Einwilligung von 3D-Rendering24.de weder im Original noch bei der Reproduktion ver\u00e4ndert werden. Jede Nachahmung &#8211; auch von Teilen &#8211; ist unzul\u00e4ssig. Ein Versto\u00df gegen diese Bestimmung berechtigt 3D-Rendering24.de, eine Vertragsstrafe in H\u00f6he der doppelten vereinbarten Verg\u00fctung zu verlangen.<\/p>\n<p>7.6 Vorschl\u00e4ge des AGs oder seine sonstige Mitarbeit haben keinen Einfluss auf die H\u00f6he der Verg\u00fctung. Sie begr\u00fcnden kein Miturheberrecht.<\/p>\n<p>7.8 Werden Arbeiten von 3D-Rendering24.de in Zeitungen, Zeitschriften, Magazinen oder Brosch\u00fcren ver\u00f6ffentlicht, ist 3D-Rendering24.de als Bildautor zu nennen. Ein solcher Bildnachweis kann in folgender Form angebracht werden: \u201eVisualisierungen &#8211; 3D-Rendering24.de\u201c.<\/p>\n<p>7.9 3D-Rendering24.de beh\u00e4lt sich das Recht vor, die im Rahmen des Auftrags erstellten Arbeiten f\u00fcr Werbung in eigener Sache einzusetzen, es sei denn, dass durch eine gesonderte Regelung eine befristete oder unbefristete Geheimhaltung vereinbart wurde.<\/p>\n<p><strong><br \/>\n8. Gew\u00e4hrleistung und Haftung<\/strong><\/p>\n<p>8.1 3D-Rendering24.de haftet nur bei Vorsatz und grober Fahrl\u00e4ssigkeit. Die Haftung von 3D-Rendering24.de wird in der H\u00f6he auf die vereinbarte Verg\u00fctung beschr\u00e4nkt, die sich aus dem betreffenden Auftrag ergibt. Die Haftung wegen schuldhafter Verletzung des Lebens, des K\u00f6rpers oder der Gesundheit bleibt unber\u00fchrt.<\/p>\n<p>8.2 Bei entstandenen Sch\u00e4den an vom AG \u00fcberlassenen Arbeitsunterlagen und Vorlagen ist die Haftung von 3D-Rendering24.de auf den jeweiligen Materialwert beschr\u00e4nkt.<\/p>\n<p>8.3 Mit der Genehmigung von Entw\u00fcrfen und Reinausf\u00fchrungen durch den AG \u00fcbernimmt dieser die Verantwortung f\u00fcr die Richtigkeit von Text und Bild. 3D-Rendering24.de haftet nicht f\u00fcr die in den erstellten Arbeiten enthaltenen Sachaussagen \u00fcber Produkte und Leistungen des AGs.<\/p>\n<p><strong><br \/>\n9. Vorzeitiger Abbruch durch den AG<\/strong><\/p>\n<p>9.1 Bei einem Abbruch eines Auftrags berechnet 3D-Rendering24.de dem AG eine Stornogeb\u00fchr in H\u00f6he von 25 % des vertraglich vereinbarten Gesamtbetrages.<\/p>\n<p>9.2 Dem AG werden zus\u00e4tzlich alle angefangenen Arbeitsschritte in Rechnung gestellt. Dabei wird eine bereits begonnene Arbeitsphase als abgeschlossen berechnet.<\/p>\n<p>9.3 Die ganze oder teilweise Verwertung von bis zu diesem Zeitpunkt dem AG gelieferten Zwischenergebnissen bzw. Arbeitsergebnissen durch den AG bedarf einer zus\u00e4tzlichen Vereinbarung mit 3D-Rendering24.de.<\/p>\n<p><strong><br \/>\n10. Schlussbestimmungen<\/strong><\/p>\n<p>10.1 Es gilt das Recht der Bundesrepublik Deutschland.<\/p>\n<p>10.2 Der Erf\u00fcllungsort und Gerichtsstand ist Regensburg. Auch f\u00fcr den Fall, dass der AG keinen allgemeinen Gerichtsstand in der Bundesrepublik Deutschland hat oder seinen Sitz im Ausland hat bzw. ins Ausland verlegt, wird der Sitz von 3D-Rendering24.de als Gerichtsstand vereinbart.<\/p>\n<p>10.3 Salvatorische Klausel. Sollten einzelne Bestimmungen dieses Vertrages unwirksam oder undurchf\u00fchrbar sein oder nach Vertragsschluss unwirksam oder undurchf\u00fchrbar werden, bleibt davon die Wirksamkeit des Vertrages im \u00dcbrigen unber\u00fchrt. An die Stelle der unwirksamen oder undurchf\u00fchrbaren Bestimmung soll diejenige wirksame und durchf\u00fchrbare Regelung treten, deren Wirkungen der wirtschaftlichen Zielsetzung am n\u00e4chsten kommen, die die Vertragsparteien mit der unwirksamen bzw. undurchf\u00fchrbaren Bestimmung verfolgt haben. Die vorstehenden Bestimmungen gelten entsprechend f\u00fcr den Fall, dass sich der Vertrag als l\u00fcckenhaft erweist.<\/p>\n<p>Stand: 01.12.2025<\/p>\n<\/div><\/section><\/div><\/div><\/div><\/main><!-- close content main element --><\/div><\/div><\/div><div id='after_section_1'  class='main_color av_default_container_wrap container_wrap sidebar_right'  ><div class='container av-section-cont-open' ><div class='template-page content  av-content-small alpha units'><div class='post-entry post-entry-type-page post-entry-3135'><div class='entry-content-wrapper clearfix'>\n","protected":false},"excerpt":{"rendered":"","protected":false},"author":1,"featured_media":0,"parent":0,"menu_order":0,"comment_status":"closed","ping_status":"closed","template":"","meta":{"footnotes":""},"class_list":["post-3135","page","type-page","status-publish","hentry"],"_links":{"self":[{"href":"https:\/\/www.3d-rendering24.de\/index.php\/wp-json\/wp\/v2\/pages\/3135","targetHints":{"allow":["GET"]}}],"collection":[{"href":"https:\/\/www.3d-rendering24.de\/index.php\/wp-json\/wp\/v2\/pages"}],"about":[{"href":"https:\/\/www.3d-rendering24.de\/index.php\/wp-json\/wp\/v2\/types\/page"}],"author":[{"embeddable":true,"href":"https:\/\/www.3d-rendering24.de\/index.php\/wp-json\/wp\/v2\/users\/1"}],"replies":[{"embeddable":true,"href":"https:\/\/www.3d-rendering24.de\/index.php\/wp-json\/wp\/v2\/comments?post=3135"}],"version-history":[{"count":5,"href":"https:\/\/www.3d-rendering24.de\/index.php\/wp-json\/wp\/v2\/pages\/3135\/revisions"}],"predecessor-version":[{"id":3140,"href":"https:\/\/www.3d-rendering24.de\/index.php\/wp-json\/wp\/v2\/pages\/3135\/revisions\/3140"}],"wp:attachment":[{"href":"https:\/\/www.3d-rendering24.de\/index.php\/wp-json\/wp\/v2\/media?parent=3135"}],"curies":[{"name":"wp","href":"https:\/\/api.w.org\/{rel}","templated":true}]}}